{"id":2229,"date":"2017-08-17T17:01:17","date_gmt":"2017-08-17T19:01:17","guid":{"rendered":"http:\/\/www.encontragranjaviana.com.br\/sobre\/?page_id=2229"},"modified":"2017-08-17T17:03:18","modified_gmt":"2017-08-17T19:03:18","slug":"cras-recanto-suave-na-granja-viana","status":"publish","type":"page","link":"https:\/\/www.encontragranjaviana.com.br\/sobre\/cras-recanto-suave-na-granja-viana\/","title":{"rendered":"CRAS Recanto Suave na Granja Viana"},"content":{"rendered":"<div class=\"15401c187b342417d42857c0d7dac0c7\" data-index=\"1\" style=\"float: left; margin: 15px 15px 15px 0;\">\n<!-- EBR \/Novo-Bairro\/ 300x250 - pub-85 -->\r\n<ins class=\"adsbygoogle\"\r\n     style=\"display:inline-block;width:300px;height:250px\"\r\n     data-ad-client=\"ca-pub-8585364105181520\"\r\n     data-ad-slot=\"4691134188\"><\/ins>\r\n<script>\r\n(adsbygoogle = window.adsbygoogle || []).push({});\r\n<\/script>\n<\/div>\n<p><em>Centro de Refer\u00eancia de Assist\u00eancia Social<\/em> \u2013 CRAS Recanto Suave na Granja Viana, \u00e9 uma unidade estatal de base territorial, localizada em \u00e1reas de vulnerabilidade social.<\/p>\n<p>Executa servi\u00e7os de prote\u00e7\u00e3o b\u00e1sica, organiza e coordena a rede de servi\u00e7os socioassist\u00eanciais.<\/p>\n<p><img loading=\"lazy\" decoding=\"async\" class=\"alignnone size-full wp-image-2230\" src=\"http:\/\/www.encontragranjaviana.com.br\/sobre\/wp-content\/uploads\/2017\/08\/cras-recanto-suave-serrat-em-cotia.jpg\" alt=\"\" width=\"551\" height=\"189\" srcset=\"https:\/\/www.encontragranjaviana.com.br\/sobre\/wp-content\/uploads\/2017\/08\/cras-recanto-suave-serrat-em-cotia.jpg 551w, https:\/\/www.encontragranjaviana.com.br\/sobre\/wp-content\/uploads\/2017\/08\/cras-recanto-suave-serrat-em-cotia-300x103.jpg 300w\" sizes=\"(max-width: 551px) 100vw, 551px\" \/><\/p>\n<p><strong>Objetivo Geral:<\/strong> Prevenir a ocorr\u00eancia de situa\u00e7\u00f5es de vulnerabilidade e risco social nos territ\u00f3rios, por meio do desenvolvimento de potencialidades e de aquisi\u00e7\u00f5es, do fortalecimento de v\u00ednculos familiares e comunit\u00e1rios e da amplia\u00e7\u00e3o do acesso aos direitos de cidadania.<\/p>\n<h2><strong>O que \u00e9 o Centro de Refer\u00eancia da Assist\u00eancia Social \u2013 CRAS RECANTO SUAVE?<\/strong><\/h2>\n<p>O Centro de Refer\u00eancia de Assist\u00eancia Social (Cras) \u00e9 o sistema governamental respons\u00e1vel pela organiza\u00e7\u00e3o e oferta de servi\u00e7os da <span style=\"text-decoration: underline;\">Prote\u00e7\u00e3o Social B\u00e1sica<\/span> nas \u00e1reas de vulnerabilidade e risco social. Por meio do Cras, as fam\u00edlias em situa\u00e7\u00e3o de extrema pobreza passam a ter acesso a servi\u00e7os como cadastramento e acompanhamento em programas de transfer\u00eancia de renda. Identificam e estimulam as potencialidades locais, modificando a qualidade de vida das fam\u00edlias que vivem nas localidades.<\/p>\n<h3><strong>Servi\u00e7os e Documentos CRAS Recanto Suave<\/strong><\/h3>\n<p>O principal servi\u00e7o ofertado pelo <strong>Cras<\/strong> \u00e9 o <span style=\"text-decoration: underline;\">Servi\u00e7o de Prote\u00e7\u00e3o e Atendimento Integral \u00e0 Fam\u00edlia<\/span> (Paif). Dentre os objetivos desse servi\u00e7o est\u00e3o a preven\u00e7\u00e3o da ruptura dos v\u00ednculos familiares e comunit\u00e1rios, a promo\u00e7\u00e3o de ganhos sociais e materiais das fam\u00edlias e o acesso a benef\u00edcios, programas de transfer\u00eancia de renda e servi\u00e7os socioassistenciais. As a\u00e7\u00f5es s\u00e3o todas implementadas por meio de trabalho de assist\u00eancia social. Para dar entrada no Bolsa Fam\u00edlia, primeiramente voc\u00ea precisa fazer o cadastro \u00fanico. Veja quais s\u00e3o os documentos que voc\u00ea deve levar ao CRAS para realizar o cadastro.<\/p>\n<p><strong>Representante da fam\u00edlia<\/strong><\/p>\n<ul>\n<li>CPF ou o T\u00edtulo de Eleitor<\/li>\n<li>Comprovante de resid\u00eancia (\u00e1gua ou luz); este documento n\u00e3o \u00e9 obrigat\u00f3rio, mas facilita o preenchimento do cadastro.<\/li>\n<\/ul>\n<p>De prefer\u00eancia mulher, a representante da fam\u00edlia ser\u00e1 a pessoa respons\u00e1vel por responder \u00e0s perguntas feitas pela equipe do CRAS para a realiza\u00e7\u00e3o do cadastro. Ela deve ter pelo menos 16 anos, fazer parte da fam\u00edlia e morar na mesma casa dos outros membros da fam\u00edlia.<\/p>\n<h3>Hor\u00e1rio de Atendimento CRAS Recanto Suave na\u00a0Granja Viana<\/h3>\n<ul>\n<li>Segunda a sexta das 8h \u00e0s 18h<\/li>\n<\/ul>\n<h3>Endere\u00e7o do CRAS Recanto Suave na\u00a0Granja Viana<\/h3>\n<ul>\n<li>Rua Monet, 584 \u2013 Bairro: Horizontal Park \u2013 Cotia \u2013 SP<\/li>\n<\/ul>\n<h3>Outras informa\u00e7\u00f5es:<\/h3>\n<p>Veja mais unidades <a href=\"https:\/\/www.encontrasaopaulo.com.br\/unidades-cras-sp\/\" target=\"_blank\" rel=\"noopener noreferrer\">CRAS S\u00e3o Paulo<\/a><\/p>\n<h3>Mapa de localiza\u00e7\u00e3o:<\/h3>\n<a class=\"wp-colorbox-iframe\" href=\"https:\/\/www.google.com\/maps\/embed?pb=!1m14!1m8!1m3!1d3656.224161127502!2d-46.82716!3d-23.5962924!3m2!1i1024!2i768!4f13.1!3m3!1m2!1s0x94cfaaca85205da70xd3d9a93491eb10b0!2sR.+Monet+584+-+Horizontal+Park+Cotia+-+SP+06710-660!5e0!3m2!1spt-BR!2sbr!4v1502996435978\"><img decoding=\"async\" src=\"http:\/\/www.encontragranjaviana.com.br\/imgs\/maps-post.png\"><\/a>\n\n<div style=\"font-size: 0px; height: 0px; line-height: 0px; margin: 0; padding: 0; clear: both;\"><\/div>","protected":false},"excerpt":{"rendered":"<p>Centro de Refer\u00eancia de Assist\u00eancia Social \u2013 CRAS Recanto Suave na Granja Viana, \u00e9 uma unidade estatal de base territorial, localizada em \u00e1reas de vulnerabilidade social. Executa servi\u00e7os de prote\u00e7\u00e3o b\u00e1sica, organiza e coordena a rede de servi\u00e7os socioassist\u00eanciais. Objetivo Geral: Prevenir a ocorr\u00eancia de situa\u00e7\u00f5es de vulnerabilidade e risco social nos territ\u00f3rios, por meio do desenvolvimento de potencialidades e de aquisi\u00e7\u00f5es, do fortalecimento de v\u00ednculos familiares e comunit\u00e1rios e da amplia\u00e7\u00e3o do acesso aos direitos de cidadania. O que \u00e9 o Centro de Refer\u00eancia da Assist\u00eancia Social \u2013 CRAS RECANTO SUAVE? O Centro de Refer\u00eancia de Assist\u00eancia Social (Cras) <\/p>\n","protected":false},"author":1,"featured_media":0,"parent":0,"menu_order":0,"comment_status":"closed","ping_status":"closed","template":"","meta":{"footnotes":""},"aioseo_notices":[],"_links":{"self":[{"href":"https:\/\/www.encontragranjaviana.com.br\/sobre\/wp-json\/wp\/v2\/pages\/2229"}],"collection":[{"href":"https:\/\/www.encontragranjaviana.com.br\/sobre\/wp-json\/wp\/v2\/pages"}],"about":[{"href":"https:\/\/www.encontragranjaviana.com.br\/sobre\/wp-json\/wp\/v2\/types\/page"}],"author":[{"embeddable":true,"href":"https:\/\/www.encontragranjaviana.com.br\/sobre\/wp-json\/wp\/v2\/users\/1"}],"replies":[{"embeddable":true,"href":"https:\/\/www.encontragranjaviana.com.br\/sobre\/wp-json\/wp\/v2\/comments?post=2229"}],"version-history":[{"count":0,"href":"https:\/\/www.encontragranjaviana.com.br\/sobre\/wp-json\/wp\/v2\/pages\/2229\/revisions"}],"wp:attachment":[{"href":"https:\/\/www.encontragranjaviana.com.br\/sobre\/wp-json\/wp\/v2\/media?parent=2229"}],"curies":[{"name":"wp","href":"https:\/\/api.w.org\/{rel}","templated":true}]}}