{"id":2117,"date":"2017-07-25T17:57:10","date_gmt":"2017-07-25T19:57:10","guid":{"rendered":"http:\/\/www.encontragranjaviana.com.br\/noticias\/?page_id=2117"},"modified":"2019-03-29T17:51:29","modified_gmt":"2019-03-29T19:51:29","slug":"sobre-granja-viana","status":"publish","type":"page","link":"https:\/\/www.encontragranjaviana.com.br\/sobre\/","title":{"rendered":"Sobre a Granja Viana"},"content":{"rendered":"<div class=\"15401c187b342417d42857c0d7dac0c7\" data-index=\"1\" style=\"float: left; margin: 15px 15px 15px 0;\">\n<!-- EBR \/Novo-Bairro\/ 300x250 - pub-85 -->\r\n<ins class=\"adsbygoogle\"\r\n     style=\"display:inline-block;width:300px;height:250px\"\r\n     data-ad-client=\"ca-pub-8585364105181520\"\r\n     data-ad-slot=\"4691134188\"><\/ins>\r\n<script>\r\n(adsbygoogle = window.adsbygoogle || []).push({});\r\n<\/script>\n<\/div>\n<p><strong>C\u00e2meras Online na Rodovia Raposo Tavares (Km 12, 17 e 20)\u00a0 &#8211; <span style=\"color: #0000ff;\"><a style=\"color: #0000ff;\" href=\"http:\/\/www.encontragranjaviana.com.br\/granja-viana\/transito-na-raposo-tavares.shtml\">CLIQUE PARA VER<\/a><\/span><\/strong><span style=\"color: #333333;\">\u00a0Veja aqui imagens em tempo real das\u00a0<em>C\u00e2meras<\/em>\u00a0Online na Rodovia\u00a0<em>Raposo<\/em>\u00a0Tavares (Km 10, 12, 17, 20, 21, 24 e 30) na SP-270 &#8211; SP.\u00a0\u00a0Acompanhe ao vivo o tr\u00e2nsito na atrav\u00e9s das <em>c\u00e2meras<\/em>\u00a0posicionadas em diversos trechos da rodovia.\u00a0Nesta p\u00e1gina o usu\u00e1rio pode ver como est\u00e1 o fluxo de ve\u00edculos nas rodovias administradas pelo DER.\u00a0<\/span><strong><br \/>\n<\/strong><br \/>\n<a href=\"http:\/\/www.encontragranjaviana.com.br\/granja-viana\/transito-na-raposo-tavares.shtml\"><img decoding=\"async\" class=\"\" style=\"width: 699px; height: 113px;\" src=\"https:\/\/www.encontragranjaviana.com.br\/imgs-banner\/4cam-rod-raposo.jpg\" \/><\/a><\/p>\n<p><img loading=\"lazy\" decoding=\"async\" class=\"wp-image-2118 size-full aligncenter\" style=\"width: 100%; height: auto;\" src=\"https:\/\/www.encontragranjaviana.com.br\/sobre\/wp-content\/uploads\/2017\/07\/bairro-granja-viana.jpg\" alt=\"\" width=\"565\" height=\"198\" srcset=\"https:\/\/www.encontragranjaviana.com.br\/sobre\/wp-content\/uploads\/2017\/07\/bairro-granja-viana.jpg 565w, https:\/\/www.encontragranjaviana.com.br\/sobre\/wp-content\/uploads\/2017\/07\/bairro-granja-viana-300x105.jpg 300w\" sizes=\"(max-width: 565px) 100vw, 565px\" \/><\/p>\n<p><a href=\"\/\">Granja Viana<\/a> \u00e9 um subdistrito que engloba algumas regi\u00f5es do munic\u00edpio de <a href=\"http:\/\/www.encontracotia.com.br\/\" target=\"_blank\" rel=\"noopener noreferrer\">Cotia<\/a> e alguns bairros da parte Sul do munic\u00edpio de <a href=\"http:\/\/www.encontracarapicuiba.com.br\/\" target=\"_blank\" rel=\"noopener noreferrer\">Carapicu\u00edba<\/a>, regi\u00e3o oeste da Grande S\u00e3o Paulo. A Granja Viana se originou do desmembramento de tres grandes fazendas a principal, Carapicuiba de Niso Viana, Rotariano, trouxe a Escola Rio Branco ajudou a Funda a Igreja Santo Antonio a qual sua esposa era devota e partilhou terras com seus fieis colaboradores e colonos. H\u00e1 tamb\u00e9m o desmembramento da Fazenda Cabanas ou Moinho Velho, de Jose Giorgi, lindeira \u00e0 Fazenda de Niso e a Fazendinha dos Aquinos. Pela extens\u00e3o dessas terras, ainda hoje existe a discuss\u00e3o se outras regi\u00f5es tamb\u00e9m fazem parte do distrito, estas regi\u00f5es est\u00e3o localizadas nos munic\u00edpios de <a href=\"http:\/\/www.encontraembu.com.br\/\" target=\"_blank\" rel=\"noopener noreferrer\">Embu das Artes<\/a> e Jandira. Possui 50 km\u00b2 de \u00e1rea e conta com uma popula\u00e7\u00e3o acima de 35.000 habitantes. Situa-se nas margens da <a href=\"https:\/\/www.rodoviaraposotavares.com.br\/\" target=\"_blank\" rel=\"noopener noreferrer\">Rodovia Raposo Tavares<\/a> (SP-270), do km 20 (na altura do bairro Gramado) at\u00e9 o km 30, em ambos os lados, englobando o Parque Rinc\u00e3o.<\/p>\n<p>Nesse bairro \u00e9 situado o Kart\u00f3dromo Internacional Granja Viana.<\/p>\n<p>Condom\u00ednios<\/p>\n<p>O <a href=\"\/\">Bairro Granja Viana<\/a> \u00e9 ladeada pelo remanescente de Mata Atl\u00e2ntica possui uma s\u00e9rie de condom\u00ednios e residenciais fechados de m\u00e9dio e alto padr\u00e3o distribu\u00eddos entres bosques pela regi\u00e3o. Muitos, inspirados em moldes norte-americano e europeu, possuem casas sem muros, mas com seguran\u00e7a 24 horas, muita vegeta\u00e7\u00e3o, quadras poli-esportivas, squash, mini campos e campo oficial de golfe, quadras de t\u00eanis.<\/p>\n<p>Pela pr\u00f3pria origem, o conceito de moradias com terrenos amplos, alguns passaram a oferecer casas de alto padr\u00e3o com lotes n\u00e3o inferiores a 500m2.<\/p>\n<p>Alguns dos condom\u00ednios incluem: Granja Vianna I e II, S\u00e3o Paulo II, Palos Verdes, Villa Vianna, Bosque do Viamna, Silvino Pereira, Jardim Mediterraneo, S\u00e3o Fernando Golf Club, Vertikal Healt, e, ainda, o Bols\u00e3o da Fazendinha (em Carapicu\u00edba), um condom\u00ednio misto, que tem boa parte de suas ruas abertas e re\u00fane sub-residenciais.<\/p>\n<p>O foco de investimento imobili\u00e1rio e a constru\u00e7\u00e3o de Shoppings Centers e Centros Empresariais com opem mall, campo at\u00e9 ent\u00e3o inexplorado na regi\u00e3o que vem obtendo muito \u00eaxito.<\/p>\n<p>Para homenagear a comunidade de moradores deste maravilho bairro, o <a href=\"https:\/\/www.encontrasaopaulo.com.br\/\" target=\"_blank\" rel=\"noopener noreferrer\">Encontra S\u00e3o Paulo<\/a> criou o <a href=\"http:\/\/www.encontragranjaviana.com.br\">Encontra Granja Viana<\/a>.<\/p>\n<h2>Not\u00edcias da Granja Vianna<\/h2>\n<p><a href=\"http:\/\/www.encontragranjaviana.com.br\/sobre\/noticias\"><img loading=\"lazy\" decoding=\"async\" class=\"aligncenter\" src=\"http:\/\/feeds.feedburner.com\/encontragranjaviana.gif?w=1&amp;c=1&amp;bb=gYvN\" alt=\"Blog do Guia do bairro da Granja Vianna\" width=\"468\" height=\"60\" border=\"0\" data-pagespeed-url-hash=\"3386367141\" \/><\/a><\/p>\n<h2>Cidades de SP: Limites &#8211; Cidades Vizinhas<\/h2>\n<p><a title=\"Cotia\" href=\"http:\/\/www.encontracotia.com.br\/\" target=\"_blank\" rel=\"noopener noreferrer\">Cotia<\/a>,\u00a0<a title=\"Embu das Artes\" href=\"http:\/\/www.encontraembu.com.br\/\" target=\"_blank\" rel=\"noopener noreferrer\">Embu<\/a>,\u00a0<a title=\"Tabo\u00e3o da Serra\" href=\"http:\/\/www.encontrataboao.com.br\/\" target=\"_blank\" rel=\"noopener noreferrer\">Tabo\u00e3o da Serra<\/a>,\u00a0<a title=\"Carapicu\u00edba\" href=\"http:\/\/www.encontracarapicuiba.com.br\/\" target=\"_blank\" rel=\"noopener noreferrer\">Carapicu\u00edba<\/a>,\u00a0<a href=\"http:\/\/www.encontraitapevi.com.br\/\">Itapevi<\/a><\/p>\n<h3>Dados Principais sobre a Granja Viana<\/h3>\n<p><strong>Popula\u00e7\u00e3o<\/strong> 35.000<br \/>\n<strong>Renda m\u00e9dia<\/strong> &#8211;<br \/>\n<strong>IDH<\/strong> &#8211;<br \/>\n<strong>Subprefeitura<\/strong> &#8211;<br \/>\n<strong>Regi\u00e3o Administrativa<\/strong> &#8211;<br \/>\n<strong>\u00c1rea Geogr\u00e1fica<\/strong> &#8211;<\/p>\n<h2>V\u00eddeo sobre o bairro Granja Viana<\/h2>\n<p><iframe style=\"width: 100%; height: 285px;\" title=\"Video sobre do Bairro Granja Viana\" src=\"http:\/\/www.youtube.com\/embed\/8yV1Necg110?rel=0\" frameborder=\"0\" allowfullscreen=\"allowfullscreen\"><\/iframe><\/p>\n<h2>Mapa Granja Viana &#8211; Ver outros: <a href=\"https:\/\/www.encontrasaopaulo.com.br\/mapa-de-sao-paulo.php\" target=\"_blank\" rel=\"noopener noreferrer\">Mapa S\u00e3o Paulo<\/a><\/h2>\n<p><iframe style=\"width: 100%; height: 350px;\" src=\"http:\/\/maps.google.com.br\/maps?q=-23.583316,-46.836276&amp;num=1&amp;sll=-23.587115,-46.837206&amp;sspn=0.034453,0.055189&amp;hl=pt-BR&amp;ie=UTF8&amp;ll=-23.588138,-46.837206&amp;spn=0.027531,0.047636&amp;z=14&amp;output=embed\" frameborder=\"0\" marginwidth=\"0\" marginheight=\"0\" scrolling=\"no\"><\/iframe><\/p>\n<h2>Moradores ilustres da Granja Viana<\/h2>\n<p><iframe style=\"border: none; overflow: hidden; width: 100%; height: 252px;\" src=\"http:\/\/www.facebook.com\/plugins\/likebox.php?href=http%3A%2F%2Fwww.facebook.com%2Fbairrogranjaviana&amp;width=520&amp;colorscheme=light&amp;show_faces=true&amp;stream=false&amp;header=false&amp;height=252\" frameborder=\"0\" scrolling=\"No\"><\/iframe><\/p>\n\n<div style=\"font-size: 0px; height: 0px; line-height: 0px; margin: 0; padding: 0; clear: both;\"><\/div>","protected":false},"excerpt":{"rendered":"<p>C\u00e2meras Online na Rodovia Raposo Tavares (Km 12, 17 e 20)\u00a0 &#8211; CLIQUE PARA VER\u00a0Veja aqui imagens em tempo real das\u00a0C\u00e2meras\u00a0Online na Rodovia\u00a0Raposo\u00a0Tavares (Km 10, 12, 17, 20, 21, 24 e 30) na SP-270 &#8211; SP.\u00a0\u00a0Acompanhe ao vivo o tr\u00e2nsito na atrav\u00e9s das c\u00e2meras\u00a0posicionadas em diversos trechos da rodovia.\u00a0Nesta p\u00e1gina o usu\u00e1rio pode ver como est\u00e1 o fluxo de ve\u00edculos nas rodovias administradas pelo DER.\u00a0 Granja Viana \u00e9 um subdistrito que engloba algumas regi\u00f5es do munic\u00edpio de Cotia e alguns bairros da parte Sul do munic\u00edpio de Carapicu\u00edba, regi\u00e3o oeste da Grande S\u00e3o Paulo. A Granja Viana se originou do <\/p>\n","protected":false},"author":1,"featured_media":0,"parent":0,"menu_order":0,"comment_status":"closed","ping_status":"closed","template":"","meta":{"footnotes":""},"aioseo_notices":[],"_links":{"self":[{"href":"https:\/\/www.encontragranjaviana.com.br\/sobre\/wp-json\/wp\/v2\/pages\/2117"}],"collection":[{"href":"https:\/\/www.encontragranjaviana.com.br\/sobre\/wp-json\/wp\/v2\/pages"}],"about":[{"href":"https:\/\/www.encontragranjaviana.com.br\/sobre\/wp-json\/wp\/v2\/types\/page"}],"author":[{"embeddable":true,"href":"https:\/\/www.encontragranjaviana.com.br\/sobre\/wp-json\/wp\/v2\/users\/1"}],"replies":[{"embeddable":true,"href":"https:\/\/www.encontragranjaviana.com.br\/sobre\/wp-json\/wp\/v2\/comments?post=2117"}],"version-history":[{"count":0,"href":"https:\/\/www.encontragranjaviana.com.br\/sobre\/wp-json\/wp\/v2\/pages\/2117\/revisions"}],"wp:attachment":[{"href":"https:\/\/www.encontragranjaviana.com.br\/sobre\/wp-json\/wp\/v2\/media?parent=2117"}],"curies":[{"name":"wp","href":"https:\/\/api.w.org\/{rel}","templated":true}]}}